{"id":55245,"date":"2024-05-02T20:18:25","date_gmt":"2024-05-02T20:18:25","guid":{"rendered":"https:\/\/biograft.efecto-ac.com\/?page_id=55245"},"modified":"2025-07-29T13:52:50","modified_gmt":"2025-07-29T19:52:50","slug":"contacto","status":"publish","type":"page","link":"https:\/\/biograft.com.mx\/en\/contacto\/","title":{"rendered":"Contact"},"content":{"rendered":"<div data-elementor-type=\"wp-page\" data-elementor-id=\"55245\" class=\"elementor elementor-55245\" data-elementor-post-type=\"page\">\n\t\t\t\t<div class=\"elementor-element elementor-element-36fba4f e-flex e-con-boxed e-con e-parent\" data-id=\"36fba4f\" data-element_type=\"container\" data-settings=\"{&quot;background_background&quot;:&quot;classic&quot;}\">\n\t\t\t\t\t<div class=\"e-con-inner\">\n\t\t<div class=\"elementor-element elementor-element-e2cae79 e-con-full e-flex e-con e-child\" data-id=\"e2cae79\" data-element_type=\"container\">\n\t\t\t\t<div class=\"elementor-element elementor-element-952c2e6 content-align-left icon-box-vertical-align-top icon-position-left icon-vertical-align-start elementor-widget elementor-widget-the7_icon_box_widget\" data-id=\"952c2e6\" data-element_type=\"widget\" data-widget_type=\"the7_icon_box_widget.default\">\n\t\t\t\t<div class=\"elementor-widget-container\">\n\t\t\t\t\t\n\t\t<div class=\"the7-box-wrapper the7-elementor-widget the7_icon_box_widget-952c2e6\">\t\t\t<div class=\"box-content-wrapper\">\n\t\t\t\t\t\t\t\t\t<a class=\"elementor-icon-div\" >\t\t\t\t\t\t<div class=\"elementor-icon\">\n\t\t\t\t\t\t\t<svg aria-hidden=\"true\" class=\"e-font-icon-svg e-fas-phone-alt\" viewbox=\"0 0 512 512\" xmlns=\"http:\/\/www.w3.org\/2000\/svg\"><path d=\"M497.39 361.8l-112-48a24 24 0 0 0-28 6.9l-49.6 60.6A370.66 370.66 0 0 1 130.6 204.11l60.6-49.6a23.94 23.94 0 0 0 6.9-28l-48-112A24.16 24.16 0 0 0 122.6.61l-104 24A24 24 0 0 0 0 48c0 256.5 207.9 464 464 464a24 24 0 0 0 23.4-18.6l24-104a24.29 24.29 0 0 0-14.01-27.6z\"><\/path><\/svg>\t\t\t\t\t\t<\/div>\n\t\t\t\t\t<\/a>\t\t\t\t\t\t\t\t<div class=\"box-content\">\n\t\t\t\t\t\t\t\t\t\t\t\t\t\t\t\t\t<h4 class=\"box-heading\">\n\t\t\t\t\t\t\t<a >\t\t\t\t\t\t\t\tSALES REPRESENTATIVE\t\t\t\t\t\t\t<\/a>\t\t\t\t\t\t<\/h4>\n\t\t\t\t\t\t\t\t\t\t\t\t\t\t\t\t<div class=\"box-description\">Fernanda Garcia <br>\nMOBILE: 55 4597 6969 <br>\n<br>\nVirginia Rubio <br>\nMOBILE: 55 24886337<\/div>\n\t\t\t\t\t\n\t\t\t\t\t\n\t\t\t\t<\/div>\n\t\t\t<\/div>\n\t\t<\/div>\t\t\t\t\t<\/div>\n\t\t\t\t<\/div>\n\t\t\t\t<div class=\"elementor-element elementor-element-067cdfd content-align-left icon-box-vertical-align-top icon-position-left icon-vertical-align-start elementor-widget elementor-widget-the7_icon_box_widget\" data-id=\"067cdfd\" data-element_type=\"widget\" data-widget_type=\"the7_icon_box_widget.default\">\n\t\t\t\t<div class=\"elementor-widget-container\">\n\t\t\t\t\t\n\t\t<div class=\"the7-box-wrapper the7-elementor-widget the7_icon_box_widget-067cdfd\">\t\t\t<div class=\"box-content-wrapper\">\n\t\t\t\t\t\t\t\t\t<a class=\"elementor-icon-div\" >\t\t\t\t\t\t<div class=\"elementor-icon\">\n\t\t\t\t\t\t\t<svg aria-hidden=\"true\" class=\"e-font-icon-svg e-fas-phone-alt\" viewbox=\"0 0 512 512\" xmlns=\"http:\/\/www.w3.org\/2000\/svg\"><path d=\"M497.39 361.8l-112-48a24 24 0 0 0-28 6.9l-49.6 60.6A370.66 370.66 0 0 1 130.6 204.11l60.6-49.6a23.94 23.94 0 0 0 6.9-28l-48-112A24.16 24.16 0 0 0 122.6.61l-104 24A24 24 0 0 0 0 48c0 256.5 207.9 464 464 464a24 24 0 0 0 23.4-18.6l24-104a24.29 24.29 0 0 0-14.01-27.6z\"><\/path><\/svg>\t\t\t\t\t\t<\/div>\n\t\t\t\t\t<\/a>\t\t\t\t\t\t\t\t<div class=\"box-content\">\n\t\t\t\t\t\t\t\t\t\t\t\t\t\t\t\t\t<h4 class=\"box-heading\">\n\t\t\t\t\t\t\t<a >\t\t\t\t\t\t\t\tCUSTOMER SERVICE\t\t\t\t\t\t\t<\/a>\t\t\t\t\t\t<\/h4>\n\t\t\t\t\t\t\t\t\t\t\t\t\t\t\t\t<div class=\"box-description\">\nOFFICE: 55 5534.2641 | Ext. 123<br>\n<\/div>\n\t\t\t\t\t\n\t\t\t\t\t\n\t\t\t\t<\/div>\n\t\t\t<\/div>\n\t\t<\/div>\t\t\t\t\t<\/div>\n\t\t\t\t<\/div>\n\t\t\t\t<\/div>\n\t\t<div class=\"elementor-element elementor-element-470fd92 e-con-full e-flex e-con e-child\" data-id=\"470fd92\" data-element_type=\"container\">\n\t\t<div class=\"elementor-element elementor-element-1459996 e-flex e-con-boxed e-con e-child\" data-id=\"1459996\" data-element_type=\"container\">\n\t\t\t\t\t<div class=\"e-con-inner\">\n\t\t\t\t<div class=\"elementor-element elementor-element-87647fd content-align-left icon-box-vertical-align-top icon-position-left icon-vertical-align-start elementor-widget elementor-widget-the7_icon_box_widget\" data-id=\"87647fd\" data-element_type=\"widget\" data-widget_type=\"the7_icon_box_widget.default\">\n\t\t\t\t<div class=\"elementor-widget-container\">\n\t\t\t\t\t\n\t\t<div class=\"the7-box-wrapper the7-elementor-widget the7_icon_box_widget-87647fd\">\t\t\t<div class=\"box-content-wrapper\">\n\t\t\t\t\t\t\t\t\t<a class=\"elementor-icon-div\" >\t\t\t\t\t\t<div class=\"elementor-icon\">\n\t\t\t\t\t\t\t<svg aria-hidden=\"true\" class=\"e-font-icon-svg e-fas-phone-alt\" viewbox=\"0 0 512 512\" xmlns=\"http:\/\/www.w3.org\/2000\/svg\"><path d=\"M497.39 361.8l-112-48a24 24 0 0 0-28 6.9l-49.6 60.6A370.66 370.66 0 0 1 130.6 204.11l60.6-49.6a23.94 23.94 0 0 0 6.9-28l-48-112A24.16 24.16 0 0 0 122.6.61l-104 24A24 24 0 0 0 0 48c0 256.5 207.9 464 464 464a24 24 0 0 0 23.4-18.6l24-104a24.29 24.29 0 0 0-14.01-27.6z\"><\/path><\/svg>\t\t\t\t\t\t<\/div>\n\t\t\t\t\t<\/a>\t\t\t\t\t\t\t\t<div class=\"box-content\">\n\t\t\t\t\t\t\t\t\t\t\t\t\t\t\t\t\t<h4 class=\"box-heading\">\n\t\t\t\t\t\t\t<a >\t\t\t\t\t\t\t\tSALES COORDINATOR\t\t\t\t\t\t\t<\/a>\t\t\t\t\t\t<\/h4>\n\t\t\t\t\t\t\t\t\t\t\t\t\t\t\t\t<div class=\"box-description\">\nJorge Villanueva <br>\nMOBILE: 55 4909 8132<\/div>\n\t\t\t\t\t\n\t\t\t\t\t\n\t\t\t\t<\/div>\n\t\t\t<\/div>\n\t\t<\/div>\t\t\t\t\t<\/div>\n\t\t\t\t<\/div>\n\t\t\t\t<div class=\"elementor-element elementor-element-b4fcafe content-align-left icon-box-vertical-align-top icon-position-left icon-vertical-align-start elementor-widget elementor-widget-the7_icon_box_widget\" data-id=\"b4fcafe\" data-element_type=\"widget\" data-widget_type=\"the7_icon_box_widget.default\">\n\t\t\t\t<div class=\"elementor-widget-container\">\n\t\t\t\t\t\n\t\t<div class=\"the7-box-wrapper the7-elementor-widget the7_icon_box_widget-b4fcafe\">\t\t\t<div class=\"box-content-wrapper\">\n\t\t\t\t\t\t\t\t\t<a class=\"elementor-icon-div\" >\t\t\t\t\t\t<div class=\"elementor-icon\">\n\t\t\t\t\t\t\t<svg aria-hidden=\"true\" class=\"e-font-icon-svg e-fas-phone-alt\" viewbox=\"0 0 512 512\" xmlns=\"http:\/\/www.w3.org\/2000\/svg\"><path d=\"M497.39 361.8l-112-48a24 24 0 0 0-28 6.9l-49.6 60.6A370.66 370.66 0 0 1 130.6 204.11l60.6-49.6a23.94 23.94 0 0 0 6.9-28l-48-112A24.16 24.16 0 0 0 122.6.61l-104 24A24 24 0 0 0 0 48c0 256.5 207.9 464 464 464a24 24 0 0 0 23.4-18.6l24-104a24.29 24.29 0 0 0-14.01-27.6z\"><\/path><\/svg>\t\t\t\t\t\t<\/div>\n\t\t\t\t\t<\/a>\t\t\t\t\t\t\t\t<div class=\"box-content\">\n\t\t\t\t\t\t\t\t\t\t\t\t\t\t\t\t\t<h4 class=\"box-heading\">\n\t\t\t\t\t\t\t<a >\t\t\t\t\t\t\t\tMARKETING\t\t\t\t\t\t\t<\/a>\t\t\t\t\t\t<\/h4>\n\t\t\t\t\t\t\t\t\t\t\t\t\t\t\t\t<div class=\"box-description\">Michelle Gonzalez <br>\nMOBILE: 55 3097 5099<\/div>\n\t\t\t\t\t\n\t\t\t\t\t\n\t\t\t\t<\/div>\n\t\t\t<\/div>\n\t\t<\/div>\t\t\t\t\t<\/div>\n\t\t\t\t<\/div>\n\t\t\t\t\t<\/div>\n\t\t\t\t<\/div>\n\t\t\t\t<\/div>\n\t\t\t\t\t<\/div>\n\t\t\t\t<\/div>\n\t\t<div class=\"elementor-element elementor-element-fbbb1b0 e-grid e-con-boxed e-con e-parent\" data-id=\"fbbb1b0\" data-element_type=\"container\">\n\t\t\t\t\t<div class=\"e-con-inner\">\n\t\t\t\t<div class=\"elementor-element elementor-element-65a3a93 elementor-widget elementor-widget-google_maps\" data-id=\"65a3a93\" data-element_type=\"widget\" data-widget_type=\"google_maps.default\">\n\t\t\t\t<div class=\"elementor-widget-container\">\n\t\t\t\t\t\t\t<div class=\"elementor-custom-embed\">\n\t\t\t<iframe loading=\"lazy\"\n\t\t\t\t\tsrc=\"https:\/\/maps.google.com\/maps?q=Amores%201560&#038;t=m&#038;z=15&#038;output=embed&#038;iwloc=near\"\n\t\t\t\t\ttitle=\"Amores 1560\"\n\t\t\t\t\taria-label=\"Amores 1560\"\n\t\t\t><\/iframe>\n\t\t<\/div>\n\t\t\t\t\t\t<\/div>\n\t\t\t\t<\/div>\n\t\t\t\t<div class=\"elementor-element elementor-element-3cab894 elementor-button-align-end elementor-widget elementor-widget-form\" data-id=\"3cab894\" data-element_type=\"widget\" data-settings=\"{&quot;step_next_label&quot;:&quot;Next&quot;,&quot;step_previous_label&quot;:&quot;Previous&quot;,&quot;button_width&quot;:&quot;100&quot;,&quot;step_type&quot;:&quot;number_text&quot;,&quot;step_icon_shape&quot;:&quot;circle&quot;}\" data-widget_type=\"form.default\">\n\t\t\t\t<div class=\"elementor-widget-container\">\n\t\t\t\t\t\t\t<form class=\"elementor-form\" method=\"post\" name=\"Cont\u00e1ctanos\" aria-label=\"Cont\u00e1ctanos\" action=\"\">\n\t\t\t<input type=\"hidden\" name=\"post_id\" value=\"55245\"\/>\n\t\t\t<input type=\"hidden\" name=\"form_id\" value=\"3cab894\"\/>\n\t\t\t<input type=\"hidden\" name=\"referer_title\" value=\"Contacto - Biograft\" \/>\n\n\t\t\t\t\t\t\t<input type=\"hidden\" name=\"queried_id\" value=\"55245\"\/>\n\t\t\t\n\t\t\t<div class=\"elementor-form-fields-wrapper elementor-labels-above\">\n\t\t\t\t\t\t\t\t<div class=\"elementor-field-type-html elementor-field-group elementor-column elementor-field-group-field_a561529 elementor-col-100\">\n\t\t\t\t\t<h5>Contact us<\/h5>\t\t\t\t<\/div>\n\t\t\t\t\t\t\t\t<div class=\"elementor-field-type-text elementor-field-group elementor-column elementor-field-group-nombre elementor-col-100 elementor-field-required elementor-mark-required\">\n\t\t\t\t\t\t\t\t\t\t\t\t\t<input size=\"1\" type=\"text\" name=\"form_fields[nombre]\" id=\"form-field-nombre\" class=\"elementor-field elementor-size-md  elementor-field-textual\" placeholder=\"Name\" required=\"required\">\n\t\t\t\t\t\t\t\t\t\t\t<\/div>\n\t\t\t\t\t\t\t\t<div class=\"elementor-field-type-email elementor-field-group elementor-column elementor-field-group-email elementor-col-100 elementor-field-required elementor-mark-required\">\n\t\t\t\t\t\t\t\t\t\t\t\t\t<input size=\"1\" type=\"email\" name=\"form_fields[email]\" id=\"form-field-email\" class=\"elementor-field elementor-size-md  elementor-field-textual\" placeholder=\"E-mail\" required=\"required\">\n\t\t\t\t\t\t\t\t\t\t\t<\/div>\n\t\t\t\t\t\t\t\t<div class=\"elementor-field-type-text elementor-field-group elementor-column elementor-field-group-field_6672368 elementor-col-100\">\n\t\t\t\t\t\t\t\t\t\t\t\t\t<input size=\"1\" type=\"text\" name=\"form_fields[field_6672368]\" id=\"form-field-field_6672368\" class=\"elementor-field elementor-size-md  elementor-field-textual\" placeholder=\"Company\">\n\t\t\t\t\t\t\t\t\t\t\t<\/div>\n\t\t\t\t\t\t\t\t<div class=\"elementor-field-type-textarea elementor-field-group elementor-column elementor-field-group-message elementor-col-100 elementor-field-required elementor-mark-required\">\n\t\t\t\t\t<textarea class=\"elementor-field-textual elementor-field  elementor-size-md\" name=\"form_fields[message]\" id=\"form-field-message\" rows=\"4\" placeholder=\"Message\" required=\"required\"><\/textarea>\t\t\t\t<\/div>\n\t\t\t\t\t\t\t\t<div class=\"elementor-field-type-acceptance elementor-field-group elementor-column elementor-field-group-field_c8c773b elementor-col-100 elementor-field-required elementor-mark-required\">\n\t\t\t\t\t\t\t<div class=\"elementor-field-subgroup\">\n\t\t\t<span class=\"elementor-field-option\">\n\t\t\t\t<input type=\"checkbox\" name=\"form_fields[field_c8c773b]\" id=\"form-field-field_c8c773b\" class=\"elementor-field elementor-size-md  elementor-acceptance-field\" required=\"required\">\n\t\t\t\t<label for=\"form-field-field_c8c773b\">I agree that my information will be stored securely on the website.<\/label>\t\t\t<\/span>\n\t\t<\/div>\n\t\t\t\t\t\t<\/div>\n\t\t\t\t\t\t\t\t<div class=\"elementor-field-group elementor-column elementor-field-type-submit elementor-col-100 e-form__buttons\">\n\t\t\t\t\t<button class=\"elementor-button elementor-size-md\" type=\"submit\">\n\t\t\t\t\t\t<span class=\"elementor-button-content-wrapper\">\n\t\t\t\t\t\t\t\t\t\t\t\t\t\t\t\t\t\t\t\t\t\t<span class=\"elementor-button-text\">SEND<\/span>\n\t\t\t\t\t\t\t\t\t\t\t\t\t<\/span>\n\t\t\t\t\t<\/button>\n\t\t\t\t<\/div>\n\t\t\t<\/div>\n\t\t<input type=\"hidden\" name=\"trp-form-language\" value=\"en\"\/><\/form>\n\t\t\t\t\t\t<\/div>\n\t\t\t\t<\/div>\n\t\t\t\t\t<\/div>\n\t\t\t\t<\/div>\n\t\t<div class=\"elementor-element elementor-element-2141896 e-flex e-con-boxed e-con e-parent\" data-id=\"2141896\" data-element_type=\"container\">\n\t\t\t\t\t<div class=\"e-con-inner\">\n\t\t\t\t<div class=\"elementor-element elementor-element-e24e26a elementor-widget elementor-widget-heading\" data-id=\"e24e26a\" data-element_type=\"widget\" data-widget_type=\"heading.default\">\n\t\t\t\t<div class=\"elementor-widget-container\">\n\t\t\t\t\t<h2 class=\"elementor-heading-title elementor-size-default\">Distributors<\/h2>\t\t\t\t<\/div>\n\t\t\t\t<\/div>\n\t\t\t\t<div class=\"elementor-element elementor-element-ea48666 elementor-widget elementor-widget-text-editor\" data-id=\"ea48666\" data-element_type=\"widget\" data-widget_type=\"text-editor.default\">\n\t\t\t\t<div class=\"elementor-widget-container\">\n\t\t\t\t\t\t\t\t\t<p><div class=\"map_wrapper\" id=\"map_wrapper_56867\">\n<div class=\"map_box\" style=\"max-width:2000px\">\n<div class=\"map_aspect_ratio\" style=\"padding-top:56%\" data-padding-top=\"56%\" data-padding-top-mobile=\"50%\">\n<div class=\"map_container\">\n<div class=\"map_render map_loading\" id=\"map_56867\"><\/div>\n<\/div>\n<\/div>\n<\/div>\n<\/div><\/p>\t\t\t\t\t\t\t\t<\/div>\n\t\t\t\t<\/div>\n\t\t\t\t\t<\/div>\n\t\t\t\t<\/div>\n\t\t\t\t<\/div>","protected":false},"excerpt":{"rendered":"<p>REPRESENTANTE DE VENTAS Fernanda Garcia M\u00d3VIL: 55 4597 6969 Virginia Rubio M\u00d3VIL: 55 24886337 SERVICIO AL CLIENTE OFICINA: 55 5534.2641 | Ext. 123 COORDINADOR DE VENTAS Jorge Villanueva M\u00d3VIL: 55 4909 8132 MARKETING Michelle Gonz\u00e1lez M\u00d3VIL: 55 3097 5099 Distribuidores<\/p>","protected":false},"author":1,"featured_media":57355,"parent":0,"menu_order":0,"comment_status":"closed","ping_status":"closed","template":"","meta":{"footnotes":""},"class_list":["post-55245","page","type-page","status-publish","has-post-thumbnail","hentry"],"yoast_head":"<!-- This site is optimized with the Yoast SEO plugin v25.7 - https:\/\/yoast.com\/wordpress\/plugins\/seo\/ -->\n<title>Contacto - Biograft<\/title>\n<meta name=\"description\" content=\"CONTACTO BIOGRAFT SERVICIO AL CLIENTE OFICINA: 55 55 34 2641 | Ext. 123 atencionaclientes@biograft.com.mx\" \/>\n<meta name=\"robots\" content=\"index, follow, max-snippet:-1, max-image-preview:large, max-video-preview:-1\" \/>\n<link rel=\"canonical\" href=\"https:\/\/biograft.com.mx\/en\/contacto\/\" \/>\n<meta property=\"og:locale\" content=\"en_US\" \/>\n<meta property=\"og:type\" content=\"article\" \/>\n<meta property=\"og:title\" content=\"Contacto - Biograft\" \/>\n<meta property=\"og:description\" content=\"CONTACTO BIOGRAFT SERVICIO AL CLIENTE OFICINA: 55 55 34 2641 | Ext. 123 atencionaclientes@biograft.com.mx\" \/>\n<meta property=\"og:url\" content=\"https:\/\/biograft.com.mx\/en\/contacto\/\" \/>\n<meta property=\"og:site_name\" content=\"Biograft\" \/>\n<meta property=\"article:publisher\" content=\"https:\/\/www.facebook.com\/biograft.demexico\" \/>\n<meta property=\"article:modified_time\" content=\"2025-07-29T19:52:50+00:00\" \/>\n<meta property=\"og:image\" content=\"https:\/\/biograft.com.mx\/wp-content\/uploads\/2024\/10\/biograft_home.webp\" \/>\n\t<meta property=\"og:image:width\" content=\"1200\" \/>\n\t<meta property=\"og:image:height\" content=\"675\" \/>\n\t<meta property=\"og:image:type\" content=\"image\/webp\" \/>\n<meta name=\"twitter:card\" content=\"summary_large_image\" \/>\n<meta name=\"twitter:label1\" content=\"Est. reading time\" \/>\n\t<meta name=\"twitter:data1\" content=\"1 minute\" \/>\n<script type=\"application\/ld+json\" class=\"yoast-schema-graph\">{\"@context\":\"https:\/\/schema.org\",\"@graph\":[{\"@type\":\"WebPage\",\"@id\":\"https:\/\/biograft.com.mx\/contacto\/\",\"url\":\"https:\/\/biograft.com.mx\/contacto\/\",\"name\":\"Contacto - Biograft\",\"isPartOf\":{\"@id\":\"https:\/\/biograft.com.mx\/#website\"},\"primaryImageOfPage\":{\"@id\":\"https:\/\/biograft.com.mx\/contacto\/#primaryimage\"},\"image\":{\"@id\":\"https:\/\/biograft.com.mx\/contacto\/#primaryimage\"},\"thumbnailUrl\":\"https:\/\/biograft.com.mx\/wp-content\/uploads\/2024\/10\/biograft_home.webp\",\"datePublished\":\"2024-05-02T20:18:25+00:00\",\"dateModified\":\"2025-07-29T19:52:50+00:00\",\"description\":\"CONTACTO BIOGRAFT SERVICIO AL CLIENTE OFICINA: 55 55 34 2641 | Ext. 123 atencionaclientes@biograft.com.mx\",\"breadcrumb\":{\"@id\":\"https:\/\/biograft.com.mx\/contacto\/#breadcrumb\"},\"inLanguage\":\"en-US\",\"potentialAction\":[{\"@type\":\"ReadAction\",\"target\":[\"https:\/\/biograft.com.mx\/contacto\/\"]}]},{\"@type\":\"ImageObject\",\"inLanguage\":\"en-US\",\"@id\":\"https:\/\/biograft.com.mx\/contacto\/#primaryimage\",\"url\":\"https:\/\/biograft.com.mx\/wp-content\/uploads\/2024\/10\/biograft_home.webp\",\"contentUrl\":\"https:\/\/biograft.com.mx\/wp-content\/uploads\/2024\/10\/biograft_home.webp\",\"width\":1200,\"height\":675,\"caption\":\"Biograft de M\u00e9xico\"},{\"@type\":\"BreadcrumbList\",\"@id\":\"https:\/\/biograft.com.mx\/contacto\/#breadcrumb\",\"itemListElement\":[{\"@type\":\"ListItem\",\"position\":1,\"name\":\"Portada\",\"item\":\"https:\/\/biograft.com.mx\/\"},{\"@type\":\"ListItem\",\"position\":2,\"name\":\"Contacto\"}]},{\"@type\":\"WebSite\",\"@id\":\"https:\/\/biograft.com.mx\/#website\",\"url\":\"https:\/\/biograft.com.mx\/\",\"name\":\"Biograft\",\"description\":\"Empresa l\u00edder en el suministro de Dispositivos M\u00e9dicos Clase III\",\"publisher\":{\"@id\":\"https:\/\/biograft.com.mx\/#organization\"},\"potentialAction\":[{\"@type\":\"SearchAction\",\"target\":{\"@type\":\"EntryPoint\",\"urlTemplate\":\"https:\/\/biograft.com.mx\/?s={search_term_string}\"},\"query-input\":{\"@type\":\"PropertyValueSpecification\",\"valueRequired\":true,\"valueName\":\"search_term_string\"}}],\"inLanguage\":\"en-US\"},{\"@type\":\"Organization\",\"@id\":\"https:\/\/biograft.com.mx\/#organization\",\"name\":\"Biograft de M\u00e9xico\",\"url\":\"https:\/\/biograft.com.mx\/\",\"logo\":{\"@type\":\"ImageObject\",\"inLanguage\":\"en-US\",\"@id\":\"https:\/\/biograft.com.mx\/#\/schema\/logo\/image\/\",\"url\":\"https:\/\/biograft.com.mx\/wp-content\/uploads\/2024\/04\/Logo_Biograft_actual_1000.png\",\"contentUrl\":\"https:\/\/biograft.com.mx\/wp-content\/uploads\/2024\/04\/Logo_Biograft_actual_1000.png\",\"width\":1000,\"height\":230,\"caption\":\"Biograft de M\u00e9xico\"},\"image\":{\"@id\":\"https:\/\/biograft.com.mx\/#\/schema\/logo\/image\/\"},\"sameAs\":[\"https:\/\/www.facebook.com\/biograft.demexico\",\"https:\/\/www.linkedin.com\/company\/biograft\/\"]}]}<\/script>\n<!-- \/ Yoast SEO plugin. -->","yoast_head_json":{"title":"Contacto - Biograft","description":"CONTACTO BIOGRAFT SERVICIO AL CLIENTE OFICINA: 55 55 34 2641 | Ext. 123 atencionaclientes@biograft.com.mx","robots":{"index":"index","follow":"follow","max-snippet":"max-snippet:-1","max-image-preview":"max-image-preview:large","max-video-preview":"max-video-preview:-1"},"canonical":"https:\/\/biograft.com.mx\/en\/contacto\/","og_locale":"en_US","og_type":"article","og_title":"Contacto - Biograft","og_description":"CONTACTO BIOGRAFT SERVICIO AL CLIENTE OFICINA: 55 55 34 2641 | Ext. 123 atencionaclientes@biograft.com.mx","og_url":"https:\/\/biograft.com.mx\/en\/contacto\/","og_site_name":"Biograft","article_publisher":"https:\/\/www.facebook.com\/biograft.demexico","article_modified_time":"2025-07-29T19:52:50+00:00","og_image":[{"width":1200,"height":675,"url":"https:\/\/biograft.com.mx\/wp-content\/uploads\/2024\/10\/biograft_home.webp","type":"image\/webp"}],"twitter_card":"summary_large_image","twitter_misc":{"Est. reading time":"1 minute"},"schema":{"@context":"https:\/\/schema.org","@graph":[{"@type":"WebPage","@id":"https:\/\/biograft.com.mx\/contacto\/","url":"https:\/\/biograft.com.mx\/contacto\/","name":"Contacto - Biograft","isPartOf":{"@id":"https:\/\/biograft.com.mx\/#website"},"primaryImageOfPage":{"@id":"https:\/\/biograft.com.mx\/contacto\/#primaryimage"},"image":{"@id":"https:\/\/biograft.com.mx\/contacto\/#primaryimage"},"thumbnailUrl":"https:\/\/biograft.com.mx\/wp-content\/uploads\/2024\/10\/biograft_home.webp","datePublished":"2024-05-02T20:18:25+00:00","dateModified":"2025-07-29T19:52:50+00:00","description":"CONTACTO BIOGRAFT SERVICIO AL CLIENTE OFICINA: 55 55 34 2641 | Ext. 123 atencionaclientes@biograft.com.mx","breadcrumb":{"@id":"https:\/\/biograft.com.mx\/contacto\/#breadcrumb"},"inLanguage":"en-US","potentialAction":[{"@type":"ReadAction","target":["https:\/\/biograft.com.mx\/contacto\/"]}]},{"@type":"ImageObject","inLanguage":"en-US","@id":"https:\/\/biograft.com.mx\/contacto\/#primaryimage","url":"https:\/\/biograft.com.mx\/wp-content\/uploads\/2024\/10\/biograft_home.webp","contentUrl":"https:\/\/biograft.com.mx\/wp-content\/uploads\/2024\/10\/biograft_home.webp","width":1200,"height":675,"caption":"Biograft de M\u00e9xico"},{"@type":"BreadcrumbList","@id":"https:\/\/biograft.com.mx\/contacto\/#breadcrumb","itemListElement":[{"@type":"ListItem","position":1,"name":"Portada","item":"https:\/\/biograft.com.mx\/"},{"@type":"ListItem","position":2,"name":"Contacto"}]},{"@type":"WebSite","@id":"https:\/\/biograft.com.mx\/#website","url":"https:\/\/biograft.com.mx\/","name":"Biograft","description":"Empresa l\u00edder en el suministro de Dispositivos M\u00e9dicos Clase III","publisher":{"@id":"https:\/\/biograft.com.mx\/#organization"},"potentialAction":[{"@type":"SearchAction","target":{"@type":"EntryPoint","urlTemplate":"https:\/\/biograft.com.mx\/?s={search_term_string}"},"query-input":{"@type":"PropertyValueSpecification","valueRequired":true,"valueName":"search_term_string"}}],"inLanguage":"en-US"},{"@type":"Organization","@id":"https:\/\/biograft.com.mx\/#organization","name":"Biograft de M\u00e9xico","url":"https:\/\/biograft.com.mx\/","logo":{"@type":"ImageObject","inLanguage":"en-US","@id":"https:\/\/biograft.com.mx\/#\/schema\/logo\/image\/","url":"https:\/\/biograft.com.mx\/wp-content\/uploads\/2024\/04\/Logo_Biograft_actual_1000.png","contentUrl":"https:\/\/biograft.com.mx\/wp-content\/uploads\/2024\/04\/Logo_Biograft_actual_1000.png","width":1000,"height":230,"caption":"Biograft de M\u00e9xico"},"image":{"@id":"https:\/\/biograft.com.mx\/#\/schema\/logo\/image\/"},"sameAs":["https:\/\/www.facebook.com\/biograft.demexico","https:\/\/www.linkedin.com\/company\/biograft\/"]}]}},"_links":{"self":[{"href":"https:\/\/biograft.com.mx\/en\/wp-json\/wp\/v2\/pages\/55245","targetHints":{"allow":["GET"]}}],"collection":[{"href":"https:\/\/biograft.com.mx\/en\/wp-json\/wp\/v2\/pages"}],"about":[{"href":"https:\/\/biograft.com.mx\/en\/wp-json\/wp\/v2\/types\/page"}],"author":[{"embeddable":true,"href":"https:\/\/biograft.com.mx\/en\/wp-json\/wp\/v2\/users\/1"}],"replies":[{"embeddable":true,"href":"https:\/\/biograft.com.mx\/en\/wp-json\/wp\/v2\/comments?post=55245"}],"version-history":[{"count":0,"href":"https:\/\/biograft.com.mx\/en\/wp-json\/wp\/v2\/pages\/55245\/revisions"}],"wp:featuredmedia":[{"embeddable":true,"href":"https:\/\/biograft.com.mx\/en\/wp-json\/wp\/v2\/media\/57355"}],"wp:attachment":[{"href":"https:\/\/biograft.com.mx\/en\/wp-json\/wp\/v2\/media?parent=55245"}],"curies":[{"name":"wp","href":"https:\/\/api.w.org\/{rel}","templated":true}]}}