{"id":55561,"date":"2024-05-08T12:41:20","date_gmt":"2024-05-08T12:41:20","guid":{"rendered":"https:\/\/biograft.efecto-ac.com\/?page_id=55561"},"modified":"2025-10-14T11:54:08","modified_gmt":"2025-10-14T17:54:08","slug":"tecnologia","status":"publish","type":"page","link":"https:\/\/biograft.com.mx\/en\/tecnologia\/","title":{"rendered":"Technology"},"content":{"rendered":"<div data-elementor-type=\"wp-page\" data-elementor-id=\"55561\" class=\"elementor elementor-55561\" data-elementor-post-type=\"page\">\n\t\t\t\t<div class=\"elementor-element elementor-element-6680643 e-flex e-con-boxed e-con e-parent\" data-id=\"6680643\" data-element_type=\"container\">\n\t\t\t\t\t<div class=\"e-con-inner\">\n\t\t\t\t<div class=\"elementor-element elementor-element-dd93cd4 elementor-widget__width-initial elementor-widget elementor-widget-text-editor\" data-id=\"dd93cd4\" data-element_type=\"widget\" data-widget_type=\"text-editor.default\">\n\t\t\t\t<div class=\"elementor-widget-container\">\n\t\t\t\t\t\t\t\t\t<p class=\"translation-block\">The <strong>Clearant<sup>\u00ae<\/sup> technology<\/strong> used in our products is a process that guarantees the safety, biocompatibility and sterility of the product. It starts with a strict selection and evaluation of tissues, as well as the implementation of controls, serological detection of antigens, antibodies and molecular markers in certified laboratories for the analysis of samples of source deceased. The cleansing, debridement, cutting, measuring, packaged, freeze-dried and irradiation of the implant is done under controlled conditions, by applying quality standards in compliance with national and international regulations applicable to this type of medical devices. During these processes, qualified personnel performs monitoring microbiological tissue and facilities. <strong> \nSome Biograft<sup>\u00ae<\/sup> implants are incubated in Clearant<sup>\u00ae<\/sup> solution and sterilized by gamma radiation, which preserves the quality and biomechanical properties of the implants to obtain the best results in their clinical application.<\/strong><\/p>\t\t\t\t\t\t\t\t<\/div>\n\t\t\t\t<\/div>\n\t\t\t\t<div class=\"elementor-element elementor-element-283f1a2 elementor--h-position-center elementor--v-position-middle elementor-arrows-position-inside elementor-widget elementor-widget-slides\" data-id=\"283f1a2\" data-element_type=\"widget\" data-settings=\"{&quot;navigation&quot;:&quot;arrows&quot;,&quot;transition&quot;:&quot;fade&quot;,&quot;autoplay&quot;:&quot;yes&quot;,&quot;pause_on_hover&quot;:&quot;yes&quot;,&quot;pause_on_interaction&quot;:&quot;yes&quot;,&quot;autoplay_speed&quot;:5000,&quot;infinite&quot;:&quot;yes&quot;,&quot;transition_speed&quot;:500}\" data-widget_type=\"slides.default\">\n\t\t\t\t<div class=\"elementor-widget-container\">\n\t\t\t\t\t\t\t\t\t<div class=\"elementor-swiper\">\n\t\t\t\t\t<div class=\"elementor-slides-wrapper elementor-main-swiper swiper\" role=\"region\" aria-roledescription=\"carousel\" aria-label=\"Slides\" dir=\"ltr\" data-animation=\"fadeInUp\">\n\t\t\t\t<div class=\"swiper-wrapper elementor-slides\">\n\t\t\t\t\t\t\t\t\t\t<div class=\"elementor-repeater-item-d1ca7e2 swiper-slide\" role=\"group\" aria-roledescription=\"slide\"><div class=\"swiper-slide-bg\" role=\"img\"><\/div><div class=\"swiper-slide-inner\" ><div class=\"swiper-slide-contents\"><\/div><\/div><\/div><div class=\"elementor-repeater-item-3352e39 swiper-slide\" role=\"group\" aria-roledescription=\"slide\"><div class=\"swiper-slide-bg\" role=\"img\"><\/div><div class=\"swiper-slide-inner\" ><div class=\"swiper-slide-contents\"><\/div><\/div><\/div><div class=\"elementor-repeater-item-853942c swiper-slide\" role=\"group\" aria-roledescription=\"slide\"><div class=\"swiper-slide-bg\" role=\"img\"><\/div><div class=\"swiper-slide-inner\" ><div class=\"swiper-slide-contents\"><\/div><\/div><\/div><div class=\"elementor-repeater-item-50b2781 swiper-slide\" role=\"group\" aria-roledescription=\"slide\"><div class=\"swiper-slide-bg\" role=\"img\"><\/div><div class=\"swiper-slide-inner\" ><div class=\"swiper-slide-contents\"><\/div><\/div><\/div>\t\t\t\t<\/div>\n\t\t\t\t\t\t\t\t\t\t\t\t\t\t\t<div class=\"elementor-swiper-button elementor-swiper-button-prev\" role=\"button\" tabindex=\"0\" aria-label=\"Previous slide\">\n\t\t\t\t\t\t\t<svg aria-hidden=\"true\" class=\"e-font-icon-svg e-eicon-chevron-left\" viewbox=\"0 0 1000 1000\" xmlns=\"http:\/\/www.w3.org\/2000\/svg\"><path d=\"M646 125C629 125 613 133 604 142L308 442C296 454 292 471 292 487 292 504 296 521 308 533L604 854C617 867 629 875 646 875 663 875 679 871 692 858 704 846 713 829 713 812 713 796 708 779 692 767L438 487 692 225C700 217 708 204 708 187 708 171 704 154 692 142 675 129 663 125 646 125Z\"><\/path><\/svg>\t\t\t\t\t\t<\/div>\n\t\t\t\t\t\t<div class=\"elementor-swiper-button elementor-swiper-button-next\" role=\"button\" tabindex=\"0\" aria-label=\"Next slide\">\n\t\t\t\t\t\t\t<svg aria-hidden=\"true\" class=\"e-font-icon-svg e-eicon-chevron-right\" viewbox=\"0 0 1000 1000\" xmlns=\"http:\/\/www.w3.org\/2000\/svg\"><path d=\"M696 533C708 521 713 504 713 487 713 471 708 454 696 446L400 146C388 133 375 125 354 125 338 125 325 129 313 142 300 154 292 171 292 187 292 204 296 221 308 233L563 492 304 771C292 783 288 800 288 817 288 833 296 850 308 863 321 871 338 875 354 875 371 875 388 867 400 854L696 533Z\"><\/path><\/svg>\t\t\t\t\t\t<\/div>\n\t\t\t\t\t\t\t\t\t\t\t\t\t\t\t\t\t<\/div>\n\t\t\t\t<\/div>\n\t\t\t\t\t\t\t\t<\/div>\n\t\t\t\t<\/div>\n\t\t\t\t\t<\/div>\n\t\t\t\t<\/div>\n\t\t<div class=\"elementor-element elementor-element-32bd0b8 e-flex e-con-boxed e-con e-parent\" data-id=\"32bd0b8\" data-element_type=\"container\" data-settings=\"{&quot;background_background&quot;:&quot;classic&quot;}\">\n\t\t\t\t\t<div class=\"e-con-inner\">\n\t\t\t\t\t<\/div>\n\t\t\t\t<\/div>\n\t\t<div class=\"elementor-element elementor-element-31810fd7 e-flex e-con-boxed e-con e-parent\" data-id=\"31810fd7\" data-element_type=\"container\" data-settings=\"{&quot;background_background&quot;:&quot;classic&quot;}\">\n\t\t\t\t\t<div class=\"e-con-inner\">\n\t\t<div class=\"elementor-element elementor-element-1d0a1484 e-con-full e-flex e-con e-child\" data-id=\"1d0a1484\" data-element_type=\"container\">\n\t\t\t\t<\/div>\n\t\t\t\t\t<\/div>\n\t\t\t\t<\/div>\n\t\t\t\t<\/div>","protected":false},"excerpt":{"rendered":"<p>La tecnolog\u00eda Clearant\u00ae que se utiliza en nuestros productos es un proceso que garantiza la seguridad, biocompatibilidad y esterilidad del producto. Se inicia con una estricta selecci\u00f3n y evaluaci\u00f3n de tejidos, as\u00ed como la realizaci\u00f3n de controles serol\u00f3gicos para la detecci\u00f3n de ant\u00edgenos, anticuerpos y marcadores moleculares en laboratorios certificados para el an\u00e1lisis de muestras&hellip;<\/p>","protected":false},"author":1,"featured_media":0,"parent":0,"menu_order":0,"comment_status":"closed","ping_status":"closed","template":"","meta":{"footnotes":""},"class_list":["post-55561","page","type-page","status-publish","hentry"],"yoast_head":"<!-- This site is optimized with the Yoast SEO plugin v25.7 - https:\/\/yoast.com\/wordpress\/plugins\/seo\/ -->\n<title>Tecnolog\u00eda - Biograft<\/title>\n<meta name=\"description\" content=\"La tecnolog\u00eda Clearant\u00ae que se utiliza en nuestros productos es un proceso que garantiza la seguridad, biocompatibilidad y...\" \/>\n<meta name=\"robots\" content=\"index, follow, max-snippet:-1, max-image-preview:large, max-video-preview:-1\" \/>\n<link rel=\"canonical\" href=\"https:\/\/biograft.com.mx\/en\/tecnologia\/\" \/>\n<meta property=\"og:locale\" content=\"en_US\" \/>\n<meta property=\"og:type\" content=\"article\" \/>\n<meta property=\"og:title\" content=\"Tecnolog\u00eda - Biograft\" \/>\n<meta property=\"og:description\" content=\"La tecnolog\u00eda Clearant\u00ae que se utiliza en nuestros productos es un proceso que garantiza la seguridad, biocompatibilidad y...\" \/>\n<meta property=\"og:url\" content=\"https:\/\/biograft.com.mx\/en\/tecnologia\/\" \/>\n<meta property=\"og:site_name\" content=\"Biograft\" \/>\n<meta property=\"article:publisher\" content=\"https:\/\/www.facebook.com\/biograft.demexico\" \/>\n<meta property=\"article:modified_time\" content=\"2025-10-14T17:54:08+00:00\" \/>\n<meta name=\"twitter:card\" content=\"summary_large_image\" \/>\n<meta name=\"twitter:label1\" content=\"Est. reading time\" \/>\n\t<meta name=\"twitter:data1\" content=\"1 minute\" \/>\n<script type=\"application\/ld+json\" class=\"yoast-schema-graph\">{\"@context\":\"https:\/\/schema.org\",\"@graph\":[{\"@type\":\"WebPage\",\"@id\":\"https:\/\/biograft.com.mx\/tecnologia\/\",\"url\":\"https:\/\/biograft.com.mx\/tecnologia\/\",\"name\":\"Tecnolog\u00eda - Biograft\",\"isPartOf\":{\"@id\":\"https:\/\/biograft.com.mx\/#website\"},\"datePublished\":\"2024-05-08T12:41:20+00:00\",\"dateModified\":\"2025-10-14T17:54:08+00:00\",\"description\":\"La tecnolog\u00eda Clearant\u00ae que se utiliza en nuestros productos es un proceso que garantiza la seguridad, biocompatibilidad y...\",\"breadcrumb\":{\"@id\":\"https:\/\/biograft.com.mx\/tecnologia\/#breadcrumb\"},\"inLanguage\":\"en-US\",\"potentialAction\":[{\"@type\":\"ReadAction\",\"target\":[\"https:\/\/biograft.com.mx\/tecnologia\/\"]}]},{\"@type\":\"BreadcrumbList\",\"@id\":\"https:\/\/biograft.com.mx\/tecnologia\/#breadcrumb\",\"itemListElement\":[{\"@type\":\"ListItem\",\"position\":1,\"name\":\"Portada\",\"item\":\"https:\/\/biograft.com.mx\/\"},{\"@type\":\"ListItem\",\"position\":2,\"name\":\"Tecnolog\u00eda\"}]},{\"@type\":\"WebSite\",\"@id\":\"https:\/\/biograft.com.mx\/#website\",\"url\":\"https:\/\/biograft.com.mx\/\",\"name\":\"Biograft\",\"description\":\"Empresa l\u00edder en el suministro de Dispositivos M\u00e9dicos Clase III\",\"publisher\":{\"@id\":\"https:\/\/biograft.com.mx\/#organization\"},\"potentialAction\":[{\"@type\":\"SearchAction\",\"target\":{\"@type\":\"EntryPoint\",\"urlTemplate\":\"https:\/\/biograft.com.mx\/?s={search_term_string}\"},\"query-input\":{\"@type\":\"PropertyValueSpecification\",\"valueRequired\":true,\"valueName\":\"search_term_string\"}}],\"inLanguage\":\"en-US\"},{\"@type\":\"Organization\",\"@id\":\"https:\/\/biograft.com.mx\/#organization\",\"name\":\"Biograft de M\u00e9xico\",\"url\":\"https:\/\/biograft.com.mx\/\",\"logo\":{\"@type\":\"ImageObject\",\"inLanguage\":\"en-US\",\"@id\":\"https:\/\/biograft.com.mx\/#\/schema\/logo\/image\/\",\"url\":\"https:\/\/biograft.com.mx\/wp-content\/uploads\/2024\/04\/Logo_Biograft_actual_1000.png\",\"contentUrl\":\"https:\/\/biograft.com.mx\/wp-content\/uploads\/2024\/04\/Logo_Biograft_actual_1000.png\",\"width\":1000,\"height\":230,\"caption\":\"Biograft de M\u00e9xico\"},\"image\":{\"@id\":\"https:\/\/biograft.com.mx\/#\/schema\/logo\/image\/\"},\"sameAs\":[\"https:\/\/www.facebook.com\/biograft.demexico\",\"https:\/\/www.linkedin.com\/company\/biograft\/\"]}]}<\/script>\n<!-- \/ Yoast SEO plugin. -->","yoast_head_json":{"title":"Tecnolog\u00eda - Biograft","description":"La tecnolog\u00eda Clearant\u00ae que se utiliza en nuestros productos es un proceso que garantiza la seguridad, biocompatibilidad y...","robots":{"index":"index","follow":"follow","max-snippet":"max-snippet:-1","max-image-preview":"max-image-preview:large","max-video-preview":"max-video-preview:-1"},"canonical":"https:\/\/biograft.com.mx\/en\/tecnologia\/","og_locale":"en_US","og_type":"article","og_title":"Tecnolog\u00eda - Biograft","og_description":"La tecnolog\u00eda Clearant\u00ae que se utiliza en nuestros productos es un proceso que garantiza la seguridad, biocompatibilidad y...","og_url":"https:\/\/biograft.com.mx\/en\/tecnologia\/","og_site_name":"Biograft","article_publisher":"https:\/\/www.facebook.com\/biograft.demexico","article_modified_time":"2025-10-14T17:54:08+00:00","twitter_card":"summary_large_image","twitter_misc":{"Est. reading time":"1 minute"},"schema":{"@context":"https:\/\/schema.org","@graph":[{"@type":"WebPage","@id":"https:\/\/biograft.com.mx\/tecnologia\/","url":"https:\/\/biograft.com.mx\/tecnologia\/","name":"Tecnolog\u00eda - Biograft","isPartOf":{"@id":"https:\/\/biograft.com.mx\/#website"},"datePublished":"2024-05-08T12:41:20+00:00","dateModified":"2025-10-14T17:54:08+00:00","description":"La tecnolog\u00eda Clearant\u00ae que se utiliza en nuestros productos es un proceso que garantiza la seguridad, biocompatibilidad y...","breadcrumb":{"@id":"https:\/\/biograft.com.mx\/tecnologia\/#breadcrumb"},"inLanguage":"en-US","potentialAction":[{"@type":"ReadAction","target":["https:\/\/biograft.com.mx\/tecnologia\/"]}]},{"@type":"BreadcrumbList","@id":"https:\/\/biograft.com.mx\/tecnologia\/#breadcrumb","itemListElement":[{"@type":"ListItem","position":1,"name":"Portada","item":"https:\/\/biograft.com.mx\/"},{"@type":"ListItem","position":2,"name":"Tecnolog\u00eda"}]},{"@type":"WebSite","@id":"https:\/\/biograft.com.mx\/#website","url":"https:\/\/biograft.com.mx\/","name":"Biograft","description":"Empresa l\u00edder en el suministro de Dispositivos M\u00e9dicos Clase III","publisher":{"@id":"https:\/\/biograft.com.mx\/#organization"},"potentialAction":[{"@type":"SearchAction","target":{"@type":"EntryPoint","urlTemplate":"https:\/\/biograft.com.mx\/?s={search_term_string}"},"query-input":{"@type":"PropertyValueSpecification","valueRequired":true,"valueName":"search_term_string"}}],"inLanguage":"en-US"},{"@type":"Organization","@id":"https:\/\/biograft.com.mx\/#organization","name":"Biograft de M\u00e9xico","url":"https:\/\/biograft.com.mx\/","logo":{"@type":"ImageObject","inLanguage":"en-US","@id":"https:\/\/biograft.com.mx\/#\/schema\/logo\/image\/","url":"https:\/\/biograft.com.mx\/wp-content\/uploads\/2024\/04\/Logo_Biograft_actual_1000.png","contentUrl":"https:\/\/biograft.com.mx\/wp-content\/uploads\/2024\/04\/Logo_Biograft_actual_1000.png","width":1000,"height":230,"caption":"Biograft de M\u00e9xico"},"image":{"@id":"https:\/\/biograft.com.mx\/#\/schema\/logo\/image\/"},"sameAs":["https:\/\/www.facebook.com\/biograft.demexico","https:\/\/www.linkedin.com\/company\/biograft\/"]}]}},"_links":{"self":[{"href":"https:\/\/biograft.com.mx\/en\/wp-json\/wp\/v2\/pages\/55561","targetHints":{"allow":["GET"]}}],"collection":[{"href":"https:\/\/biograft.com.mx\/en\/wp-json\/wp\/v2\/pages"}],"about":[{"href":"https:\/\/biograft.com.mx\/en\/wp-json\/wp\/v2\/types\/page"}],"author":[{"embeddable":true,"href":"https:\/\/biograft.com.mx\/en\/wp-json\/wp\/v2\/users\/1"}],"replies":[{"embeddable":true,"href":"https:\/\/biograft.com.mx\/en\/wp-json\/wp\/v2\/comments?post=55561"}],"version-history":[{"count":0,"href":"https:\/\/biograft.com.mx\/en\/wp-json\/wp\/v2\/pages\/55561\/revisions"}],"wp:attachment":[{"href":"https:\/\/biograft.com.mx\/en\/wp-json\/wp\/v2\/media?parent=55561"}],"curies":[{"name":"wp","href":"https:\/\/api.w.org\/{rel}","templated":true}]}}