{"id":55907,"date":"2024-05-08T23:32:01","date_gmt":"2024-05-08T23:32:01","guid":{"rendered":"https:\/\/biograft.efecto-ac.com\/?page_id=55907"},"modified":"2024-08-20T18:38:58","modified_gmt":"2024-08-20T18:38:58","slug":"filosofia","status":"publish","type":"page","link":"https:\/\/biograft.com.mx\/en\/filosofia\/","title":{"rendered":"Philosophy"},"content":{"rendered":"<div data-elementor-type=\"wp-page\" data-elementor-id=\"55907\" class=\"elementor elementor-55907\" data-elementor-post-type=\"page\">\n\t\t\t\t<div class=\"elementor-element elementor-element-91385e0 e-flex e-con-boxed e-con e-parent\" data-id=\"91385e0\" data-element_type=\"container\" data-settings=\"{&quot;background_background&quot;:&quot;classic&quot;}\">\n\t\t\t\t\t<div class=\"e-con-inner\">\n\t\t<div class=\"elementor-element elementor-element-7fd5c04 e-grid e-con-boxed elementor-invisible e-con e-child\" data-id=\"7fd5c04\" data-element_type=\"container\" data-settings=\"{&quot;animation&quot;:&quot;fadeIn&quot;}\">\n\t\t\t\t\t<div class=\"e-con-inner\">\n\t\t\t\t<div class=\"elementor-element elementor-element-c9edab3 elementor-widget elementor-widget-text-editor\" data-id=\"c9edab3\" data-element_type=\"widget\" data-widget_type=\"text-editor.default\">\n\t\t\t\t<div class=\"elementor-widget-container\">\n\t\t\t\t\t\t\t\t\t<h4 style=\"text-align: center;\">Our philosophy<\/h4>\n<p style=\"text-align: center;\">At Biograft<sup>\u00ae<\/sup> we work to be the leading company in the distribution of Class III medical devices derived from human tissue that offers the best value proposition for healthcare professionals.<\/p>\n\n<h6 style=\"text-align: center;\">We focus on the following pillars:<\/h6>\t\t\t\t\t\t\t\t<\/div>\n\t\t\t\t<\/div>\n\t\t\t\t\t<\/div>\n\t\t\t\t<\/div>\n\t\t\t\t\t<\/div>\n\t\t\t\t<\/div>\n\t\t<div class=\"elementor-element elementor-element-4923b94 e-grid e-con-boxed e-con e-parent\" data-id=\"4923b94\" data-element_type=\"container\">\n\t\t\t\t\t<div class=\"e-con-inner\">\n\t\t\t\t<div class=\"elementor-element elementor-element-8e6ed7a elementor-invisible elementor-widget elementor-widget-text-editor\" data-id=\"8e6ed7a\" data-element_type=\"widget\" data-settings=\"{&quot;_animation&quot;:&quot;fadeInUp&quot;}\" data-widget_type=\"text-editor.default\">\n\t\t\t\t<div class=\"elementor-widget-container\">\n\t\t\t\t\t\t\t\t\t<h5><b>SECURITY<\/b><\/h5><p class=\"translation-block\">Biograft<sup>\u00ae<\/sup> is at the forefront in processes and protocols to minimize the risk of infections related to the use of allografts.\nBiograft<sup>\u00ae<\/sup> has an extensive track record in the distribution of implants with no reported infection, due to the rigorous control at each stage of processing.<\/p><ul><li>Patented Clearant<sup>\u00ae<\/sup> technology for cryo-radio protection of tissues, achieving the highest level of sterility assurance to eliminate the bioburden present, including: bacteria, viruses, fungi, spores and prions.<\/li><li>Final evaluation, traceability monitoring and technovigilance of each implanted product.<\/li><\/ul>\t\t\t\t\t\t\t\t<\/div>\n\t\t\t\t<\/div>\n\t\t\t\t<div class=\"elementor-element elementor-element-deea0ff elementor-invisible elementor-widget elementor-widget-image\" data-id=\"deea0ff\" data-element_type=\"widget\" data-settings=\"{&quot;_animation&quot;:&quot;fadeIn&quot;}\" data-widget_type=\"image.default\">\n\t\t\t\t<div class=\"elementor-widget-container\">\n\t\t\t\t\t\t\t\t\t\t\t\t\t\t\t<img fetchpriority=\"high\" decoding=\"async\" width=\"1024\" height=\"683\" src=\"https:\/\/biograft.com.mx\/wp-content\/uploads\/2024\/08\/Foto-1024x683.webp\" class=\"attachment-large size-large wp-image-57086\" alt=\"\" srcset=\"https:\/\/biograft.com.mx\/wp-content\/uploads\/2024\/08\/Foto-1024x683.webp 1024w, https:\/\/biograft.com.mx\/wp-content\/uploads\/2024\/08\/Foto-300x200.webp 300w, https:\/\/biograft.com.mx\/wp-content\/uploads\/2024\/08\/Foto-768x512.webp 768w, https:\/\/biograft.com.mx\/wp-content\/uploads\/2024\/08\/Foto-18x12.webp 18w, https:\/\/biograft.com.mx\/wp-content\/uploads\/2024\/08\/Foto.webp 1200w\" sizes=\"(max-width: 1024px) 100vw, 1024px\" \/>\t\t\t\t\t\t\t\t\t\t\t\t\t\t\t<\/div>\n\t\t\t\t<\/div>\n\t\t\t\t<div class=\"elementor-element elementor-element-c7f8606 elementor-hidden-mobile elementor-invisible elementor-widget elementor-widget-image\" data-id=\"c7f8606\" data-element_type=\"widget\" data-settings=\"{&quot;_animation&quot;:&quot;fadeIn&quot;}\" data-widget_type=\"image.default\">\n\t\t\t\t<div class=\"elementor-widget-container\">\n\t\t\t\t\t\t\t\t\t\t\t\t\t\t\t<img decoding=\"async\" width=\"1024\" height=\"683\" src=\"https:\/\/biograft.com.mx\/wp-content\/uploads\/2024\/08\/Foto-4-1024x683.webp\" class=\"attachment-large size-large wp-image-57170\" alt=\"\" srcset=\"https:\/\/biograft.com.mx\/wp-content\/uploads\/2024\/08\/Foto-4-1024x683.webp 1024w, https:\/\/biograft.com.mx\/wp-content\/uploads\/2024\/08\/Foto-4-300x200.webp 300w, https:\/\/biograft.com.mx\/wp-content\/uploads\/2024\/08\/Foto-4-768x512.webp 768w, https:\/\/biograft.com.mx\/wp-content\/uploads\/2024\/08\/Foto-4-18x12.webp 18w, https:\/\/biograft.com.mx\/wp-content\/uploads\/2024\/08\/Foto-4.webp 1200w\" sizes=\"(max-width: 1024px) 100vw, 1024px\" \/>\t\t\t\t\t\t\t\t\t\t\t\t\t\t\t<\/div>\n\t\t\t\t<\/div>\n\t\t\t\t<div class=\"elementor-element elementor-element-a319c4b elementor-invisible elementor-widget elementor-widget-text-editor\" data-id=\"a319c4b\" data-element_type=\"widget\" data-settings=\"{&quot;_animation&quot;:&quot;fadeInUp&quot;}\" data-widget_type=\"text-editor.default\">\n\t\t\t\t<div class=\"elementor-widget-container\">\n\t\t\t\t\t\t\t\t\t<h5><b>QUALITY<\/b><\/h5><ul><li>ISO, COFEPRIS, GMP certifications.<\/li><li>Maintenance of a Quality Management System.<\/li><li>Mechanical resistance tests for tendons and soft tissues.<\/li><li>In vitro and in-vivo osteoinduction testing.<\/li><li>Clinical studies of performance with hospitals, medical societies and academic groups.<\/li><\/ul>\t\t\t\t\t\t\t\t<\/div>\n\t\t\t\t<\/div>\n\t\t\t\t<div class=\"elementor-element elementor-element-28f8e45 elementor-hidden-desktop elementor-widget elementor-widget-image\" data-id=\"28f8e45\" data-element_type=\"widget\" data-widget_type=\"image.default\">\n\t\t\t\t<div class=\"elementor-widget-container\">\n\t\t\t\t\t\t\t\t\t\t\t\t\t\t\t<img decoding=\"async\" width=\"1024\" height=\"683\" src=\"https:\/\/biograft.com.mx\/wp-content\/uploads\/2024\/08\/Foto-4-1024x683.webp\" class=\"attachment-large size-large wp-image-57170\" alt=\"\" srcset=\"https:\/\/biograft.com.mx\/wp-content\/uploads\/2024\/08\/Foto-4-1024x683.webp 1024w, https:\/\/biograft.com.mx\/wp-content\/uploads\/2024\/08\/Foto-4-300x200.webp 300w, https:\/\/biograft.com.mx\/wp-content\/uploads\/2024\/08\/Foto-4-768x512.webp 768w, https:\/\/biograft.com.mx\/wp-content\/uploads\/2024\/08\/Foto-4-18x12.webp 18w, https:\/\/biograft.com.mx\/wp-content\/uploads\/2024\/08\/Foto-4.webp 1200w\" sizes=\"(max-width: 1024px) 100vw, 1024px\" \/>\t\t\t\t\t\t\t\t\t\t\t\t\t\t\t<\/div>\n\t\t\t\t<\/div>\n\t\t\t\t<div class=\"elementor-element elementor-element-a15c00c elementor-invisible elementor-widget elementor-widget-text-editor\" data-id=\"a15c00c\" data-element_type=\"widget\" data-settings=\"{&quot;_animation&quot;:&quot;fadeInUp&quot;}\" data-widget_type=\"text-editor.default\">\n\t\t\t\t<div class=\"elementor-widget-container\">\n\t\t\t\t\t\t\t\t\t<h5>SERVICE<\/h5><p>Biograft<sup>\u00ae<\/sup> prioritizes the distribution chain and customer service, even after our products have been implanted.<\/p><ul><li>National and Latin American distribution network.<\/li><li>Training programs focused on health professionals, distributors and hospitals.<\/li><li>Advice on the use of the products.<\/li><\/ul>\t\t\t\t\t\t\t\t<\/div>\n\t\t\t\t<\/div>\n\t\t\t\t<div class=\"elementor-element elementor-element-90dabcd elementor-invisible elementor-widget elementor-widget-image\" data-id=\"90dabcd\" data-element_type=\"widget\" data-settings=\"{&quot;_animation&quot;:&quot;fadeIn&quot;}\" data-widget_type=\"image.default\">\n\t\t\t\t<div class=\"elementor-widget-container\">\n\t\t\t\t\t\t\t\t\t\t\t\t\t\t\t<img decoding=\"async\" width=\"1024\" height=\"683\" src=\"https:\/\/biograft.com.mx\/wp-content\/uploads\/2024\/08\/Foto3-1024x683.webp\" class=\"attachment-large size-large wp-image-57088\" alt=\"\" srcset=\"https:\/\/biograft.com.mx\/wp-content\/uploads\/2024\/08\/Foto3-1024x683.webp 1024w, https:\/\/biograft.com.mx\/wp-content\/uploads\/2024\/08\/Foto3-300x200.webp 300w, https:\/\/biograft.com.mx\/wp-content\/uploads\/2024\/08\/Foto3-768x512.webp 768w, https:\/\/biograft.com.mx\/wp-content\/uploads\/2024\/08\/Foto3-18x12.webp 18w, https:\/\/biograft.com.mx\/wp-content\/uploads\/2024\/08\/Foto3.webp 1200w\" sizes=\"(max-width: 1024px) 100vw, 1024px\" \/>\t\t\t\t\t\t\t\t\t\t\t\t\t\t\t<\/div>\n\t\t\t\t<\/div>\n\t\t\t\t\t<\/div>\n\t\t\t\t<\/div>\n\t\t\t\t<\/div>","protected":false},"excerpt":{"rendered":"<p>Nuestra filosof\u00eda En Biograft\u00ae trabajamos para ser la empresa l\u00edder en la distribuci\u00f3n de Dispositivos M\u00e9dicos Clase III derivados de tejido humano que ofrezca la mejor propuesta de valor para los profesionales de la salud. Nos enfocamos en los siguientes pilares: SEGURIDAD Biograft\u00ae\u00a0est\u00e1 a la vanguardia en procesos y protocolos para minimizar el riesgo de&hellip;<\/p>","protected":false},"author":1,"featured_media":57088,"parent":0,"menu_order":0,"comment_status":"closed","ping_status":"closed","template":"","meta":{"footnotes":""},"class_list":["post-55907","page","type-page","status-publish","has-post-thumbnail","hentry"],"yoast_head":"<!-- This site is optimized with the Yoast SEO plugin v25.7 - https:\/\/yoast.com\/wordpress\/plugins\/seo\/ -->\n<title>Filosof\u00eda - Biograft<\/title>\n<meta name=\"description\" content=\"En Biograft\u00ae trabajamos para ser la empresa l\u00edder en la distribuci\u00f3n de Dispositivos M\u00e9dicos Clase III derivados de tejido humano.\" \/>\n<meta name=\"robots\" content=\"index, follow, max-snippet:-1, max-image-preview:large, max-video-preview:-1\" \/>\n<link rel=\"canonical\" href=\"https:\/\/biograft.com.mx\/en\/filosofia\/\" \/>\n<meta property=\"og:locale\" content=\"en_US\" \/>\n<meta property=\"og:type\" content=\"article\" \/>\n<meta property=\"og:title\" content=\"Filosof\u00eda - Biograft\" \/>\n<meta property=\"og:description\" content=\"En Biograft\u00ae trabajamos para ser la empresa l\u00edder en la distribuci\u00f3n de Dispositivos M\u00e9dicos Clase III derivados de tejido humano.\" \/>\n<meta property=\"og:url\" content=\"https:\/\/biograft.com.mx\/en\/filosofia\/\" \/>\n<meta property=\"og:site_name\" content=\"Biograft\" \/>\n<meta property=\"article:publisher\" content=\"https:\/\/www.facebook.com\/biograft.demexico\" \/>\n<meta property=\"article:modified_time\" content=\"2024-08-20T18:38:58+00:00\" \/>\n<meta property=\"og:image\" content=\"https:\/\/biograft.com.mx\/wp-content\/uploads\/2024\/08\/Foto3.webp\" \/>\n\t<meta property=\"og:image:width\" content=\"1200\" \/>\n\t<meta property=\"og:image:height\" content=\"800\" \/>\n\t<meta property=\"og:image:type\" content=\"image\/webp\" \/>\n<meta name=\"twitter:card\" content=\"summary_large_image\" \/>\n<meta name=\"twitter:label1\" content=\"Est. reading time\" \/>\n\t<meta name=\"twitter:data1\" content=\"3 minutes\" \/>\n<script type=\"application\/ld+json\" class=\"yoast-schema-graph\">{\"@context\":\"https:\/\/schema.org\",\"@graph\":[{\"@type\":\"WebPage\",\"@id\":\"https:\/\/biograft.com.mx\/filosofia\/\",\"url\":\"https:\/\/biograft.com.mx\/filosofia\/\",\"name\":\"Filosof\u00eda - Biograft\",\"isPartOf\":{\"@id\":\"https:\/\/biograft.com.mx\/#website\"},\"primaryImageOfPage\":{\"@id\":\"https:\/\/biograft.com.mx\/filosofia\/#primaryimage\"},\"image\":{\"@id\":\"https:\/\/biograft.com.mx\/filosofia\/#primaryimage\"},\"thumbnailUrl\":\"https:\/\/biograft.com.mx\/wp-content\/uploads\/2024\/08\/Foto3.webp\",\"datePublished\":\"2024-05-08T23:32:01+00:00\",\"dateModified\":\"2024-08-20T18:38:58+00:00\",\"description\":\"En Biograft\u00ae trabajamos para ser la empresa l\u00edder en la distribuci\u00f3n de Dispositivos M\u00e9dicos Clase III derivados de tejido humano.\",\"breadcrumb\":{\"@id\":\"https:\/\/biograft.com.mx\/filosofia\/#breadcrumb\"},\"inLanguage\":\"en-US\",\"potentialAction\":[{\"@type\":\"ReadAction\",\"target\":[\"https:\/\/biograft.com.mx\/filosofia\/\"]}]},{\"@type\":\"ImageObject\",\"inLanguage\":\"en-US\",\"@id\":\"https:\/\/biograft.com.mx\/filosofia\/#primaryimage\",\"url\":\"https:\/\/biograft.com.mx\/wp-content\/uploads\/2024\/08\/Foto3.webp\",\"contentUrl\":\"https:\/\/biograft.com.mx\/wp-content\/uploads\/2024\/08\/Foto3.webp\",\"width\":1200,\"height\":800},{\"@type\":\"BreadcrumbList\",\"@id\":\"https:\/\/biograft.com.mx\/filosofia\/#breadcrumb\",\"itemListElement\":[{\"@type\":\"ListItem\",\"position\":1,\"name\":\"Portada\",\"item\":\"https:\/\/biograft.com.mx\/\"},{\"@type\":\"ListItem\",\"position\":2,\"name\":\"Filosof\u00eda\"}]},{\"@type\":\"WebSite\",\"@id\":\"https:\/\/biograft.com.mx\/#website\",\"url\":\"https:\/\/biograft.com.mx\/\",\"name\":\"Biograft\",\"description\":\"Empresa l\u00edder en el suministro de Dispositivos M\u00e9dicos Clase III\",\"publisher\":{\"@id\":\"https:\/\/biograft.com.mx\/#organization\"},\"potentialAction\":[{\"@type\":\"SearchAction\",\"target\":{\"@type\":\"EntryPoint\",\"urlTemplate\":\"https:\/\/biograft.com.mx\/?s={search_term_string}\"},\"query-input\":{\"@type\":\"PropertyValueSpecification\",\"valueRequired\":true,\"valueName\":\"search_term_string\"}}],\"inLanguage\":\"en-US\"},{\"@type\":\"Organization\",\"@id\":\"https:\/\/biograft.com.mx\/#organization\",\"name\":\"Biograft de M\u00e9xico\",\"url\":\"https:\/\/biograft.com.mx\/\",\"logo\":{\"@type\":\"ImageObject\",\"inLanguage\":\"en-US\",\"@id\":\"https:\/\/biograft.com.mx\/#\/schema\/logo\/image\/\",\"url\":\"https:\/\/biograft.com.mx\/wp-content\/uploads\/2024\/04\/Logo_Biograft_actual_1000.png\",\"contentUrl\":\"https:\/\/biograft.com.mx\/wp-content\/uploads\/2024\/04\/Logo_Biograft_actual_1000.png\",\"width\":1000,\"height\":230,\"caption\":\"Biograft de M\u00e9xico\"},\"image\":{\"@id\":\"https:\/\/biograft.com.mx\/#\/schema\/logo\/image\/\"},\"sameAs\":[\"https:\/\/www.facebook.com\/biograft.demexico\",\"https:\/\/www.linkedin.com\/company\/biograft\/\"]}]}<\/script>\n<!-- \/ Yoast SEO plugin. -->","yoast_head_json":{"title":"Filosof\u00eda - Biograft","description":"En Biograft\u00ae trabajamos para ser la empresa l\u00edder en la distribuci\u00f3n de Dispositivos M\u00e9dicos Clase III derivados de tejido humano.","robots":{"index":"index","follow":"follow","max-snippet":"max-snippet:-1","max-image-preview":"max-image-preview:large","max-video-preview":"max-video-preview:-1"},"canonical":"https:\/\/biograft.com.mx\/en\/filosofia\/","og_locale":"en_US","og_type":"article","og_title":"Filosof\u00eda - Biograft","og_description":"En Biograft\u00ae trabajamos para ser la empresa l\u00edder en la distribuci\u00f3n de Dispositivos M\u00e9dicos Clase III derivados de tejido humano.","og_url":"https:\/\/biograft.com.mx\/en\/filosofia\/","og_site_name":"Biograft","article_publisher":"https:\/\/www.facebook.com\/biograft.demexico","article_modified_time":"2024-08-20T18:38:58+00:00","og_image":[{"width":1200,"height":800,"url":"https:\/\/biograft.com.mx\/wp-content\/uploads\/2024\/08\/Foto3.webp","type":"image\/webp"}],"twitter_card":"summary_large_image","twitter_misc":{"Est. reading time":"3 minutes"},"schema":{"@context":"https:\/\/schema.org","@graph":[{"@type":"WebPage","@id":"https:\/\/biograft.com.mx\/filosofia\/","url":"https:\/\/biograft.com.mx\/filosofia\/","name":"Filosof\u00eda - Biograft","isPartOf":{"@id":"https:\/\/biograft.com.mx\/#website"},"primaryImageOfPage":{"@id":"https:\/\/biograft.com.mx\/filosofia\/#primaryimage"},"image":{"@id":"https:\/\/biograft.com.mx\/filosofia\/#primaryimage"},"thumbnailUrl":"https:\/\/biograft.com.mx\/wp-content\/uploads\/2024\/08\/Foto3.webp","datePublished":"2024-05-08T23:32:01+00:00","dateModified":"2024-08-20T18:38:58+00:00","description":"En Biograft\u00ae trabajamos para ser la empresa l\u00edder en la distribuci\u00f3n de Dispositivos M\u00e9dicos Clase III derivados de tejido humano.","breadcrumb":{"@id":"https:\/\/biograft.com.mx\/filosofia\/#breadcrumb"},"inLanguage":"en-US","potentialAction":[{"@type":"ReadAction","target":["https:\/\/biograft.com.mx\/filosofia\/"]}]},{"@type":"ImageObject","inLanguage":"en-US","@id":"https:\/\/biograft.com.mx\/filosofia\/#primaryimage","url":"https:\/\/biograft.com.mx\/wp-content\/uploads\/2024\/08\/Foto3.webp","contentUrl":"https:\/\/biograft.com.mx\/wp-content\/uploads\/2024\/08\/Foto3.webp","width":1200,"height":800},{"@type":"BreadcrumbList","@id":"https:\/\/biograft.com.mx\/filosofia\/#breadcrumb","itemListElement":[{"@type":"ListItem","position":1,"name":"Portada","item":"https:\/\/biograft.com.mx\/"},{"@type":"ListItem","position":2,"name":"Filosof\u00eda"}]},{"@type":"WebSite","@id":"https:\/\/biograft.com.mx\/#website","url":"https:\/\/biograft.com.mx\/","name":"Biograft","description":"Empresa l\u00edder en el suministro de Dispositivos M\u00e9dicos Clase III","publisher":{"@id":"https:\/\/biograft.com.mx\/#organization"},"potentialAction":[{"@type":"SearchAction","target":{"@type":"EntryPoint","urlTemplate":"https:\/\/biograft.com.mx\/?s={search_term_string}"},"query-input":{"@type":"PropertyValueSpecification","valueRequired":true,"valueName":"search_term_string"}}],"inLanguage":"en-US"},{"@type":"Organization","@id":"https:\/\/biograft.com.mx\/#organization","name":"Biograft de M\u00e9xico","url":"https:\/\/biograft.com.mx\/","logo":{"@type":"ImageObject","inLanguage":"en-US","@id":"https:\/\/biograft.com.mx\/#\/schema\/logo\/image\/","url":"https:\/\/biograft.com.mx\/wp-content\/uploads\/2024\/04\/Logo_Biograft_actual_1000.png","contentUrl":"https:\/\/biograft.com.mx\/wp-content\/uploads\/2024\/04\/Logo_Biograft_actual_1000.png","width":1000,"height":230,"caption":"Biograft de M\u00e9xico"},"image":{"@id":"https:\/\/biograft.com.mx\/#\/schema\/logo\/image\/"},"sameAs":["https:\/\/www.facebook.com\/biograft.demexico","https:\/\/www.linkedin.com\/company\/biograft\/"]}]}},"_links":{"self":[{"href":"https:\/\/biograft.com.mx\/en\/wp-json\/wp\/v2\/pages\/55907","targetHints":{"allow":["GET"]}}],"collection":[{"href":"https:\/\/biograft.com.mx\/en\/wp-json\/wp\/v2\/pages"}],"about":[{"href":"https:\/\/biograft.com.mx\/en\/wp-json\/wp\/v2\/types\/page"}],"author":[{"embeddable":true,"href":"https:\/\/biograft.com.mx\/en\/wp-json\/wp\/v2\/users\/1"}],"replies":[{"embeddable":true,"href":"https:\/\/biograft.com.mx\/en\/wp-json\/wp\/v2\/comments?post=55907"}],"version-history":[{"count":0,"href":"https:\/\/biograft.com.mx\/en\/wp-json\/wp\/v2\/pages\/55907\/revisions"}],"wp:featuredmedia":[{"embeddable":true,"href":"https:\/\/biograft.com.mx\/en\/wp-json\/wp\/v2\/media\/57088"}],"wp:attachment":[{"href":"https:\/\/biograft.com.mx\/en\/wp-json\/wp\/v2\/media?parent=55907"}],"curies":[{"name":"wp","href":"https:\/\/api.w.org\/{rel}","templated":true}]}}