{"id":57431,"date":"2025-04-11T08:30:35","date_gmt":"2025-04-11T14:30:35","guid":{"rendered":"https:\/\/biograft.com.mx\/?post_type=product&#038;p=57431"},"modified":"2025-04-11T08:50:40","modified_gmt":"2025-04-11T14:50:40","slug":"diafisis-procesada","status":"publish","type":"product","link":"https:\/\/biograft.com.mx\/en\/product\/diafisis-procesada\/","title":{"rendered":"Di\u00e1fisis procesada"},"content":{"rendered":"<div data-elementor-type=\"product-post\" data-elementor-id=\"57431\" class=\"elementor elementor-57431\" data-elementor-post-type=\"product\">\n\t\t\t\t<div class=\"elementor-element elementor-element-5d10cfd9 e-flex e-con-boxed e-con e-parent\" data-id=\"5d10cfd9\" data-element_type=\"container\">\n\t\t\t\t\t<div class=\"e-con-inner\">\n\t\t\t\t<div class=\"elementor-element elementor-element-1a2ab176 elementor-widget elementor-widget-text-editor\" data-id=\"1a2ab176\" data-element_type=\"widget\" data-widget_type=\"text-editor.default\">\n\t\t\t\t<div class=\"elementor-widget-container\">\n\t\t\t\t\t\t\t\t\tR.S. 0417C2025 SSA\t\t\t\t\t\t\t\t<\/div>\n\t\t\t\t<\/div>\n\t\t\t\t\t<\/div>\n\t\t\t\t<\/div>\n\t\t<div class=\"elementor-element elementor-element-ec9895f e-flex e-con-boxed e-con e-parent\" data-id=\"ec9895f\" data-element_type=\"container\">\n\t\t\t\t\t<div class=\"e-con-inner\">\n\t\t\t\t<div class=\"elementor-element elementor-element-3f9a070 elementor-widget elementor-widget-the7-accordion\" data-id=\"3f9a070\" data-element_type=\"widget\" data-widget_type=\"the7-accordion.default\">\n\t\t\t\t<div class=\"elementor-widget-container\">\n\t\t\t\t\t\t\t<div class=\"elementor-accordion the7-adv-accordion ac_bb_active_title ac_left_right_borders\" data-accordion-type=\"accordion\" role=\"tablist\">\n\t\t\t\t\t\t\t<div class=\"elementor-accordion-item\">\n\t\t\t\t\t<h6 id=\"elementor-tab-title-6661\" class=\"elementor-tab-title the7-accordion-header active-default animation-disable\" data-tab=\"1\" role=\"tab\" aria-controls=\"elementor-tab-content-6661\">\n\n\t\t\t\t\t\t\t\t\t\t\t\t\t<span class=\"elementor-accordion-icon elementor-accordion-icon-right\" aria-hidden=\"true\">\n\t\t\t\t\t\t\t\t\t\t\t\t\t\t\t<span class=\"elementor-accordion-icon-closed\"><svg class=\"e-font-icon-svg e-fas-caret-down\" viewbox=\"0 0 320 512\" xmlns=\"http:\/\/www.w3.org\/2000\/svg\"><path d=\"M31.3 192h257.3c17.8 0 26.7 21.5 14.1 34.1L174.1 354.8c-7.8 7.8-20.5 7.8-28.3 0L17.2 226.1C4.6 213.5 13.5 192 31.3 192z\"><\/path><\/svg><\/span>\n\t\t\t\t\t\t\t\t\t\t\t\t\t\t\t\t\t<span class=\"elementor-accordion-icon-opened\"><svg class=\"e-font-icon-svg e-fas-caret-up\" viewbox=\"0 0 320 512\" xmlns=\"http:\/\/www.w3.org\/2000\/svg\"><path d=\"M288.662 352H31.338c-17.818 0-26.741-21.543-14.142-34.142l128.662-128.662c7.81-7.81 20.474-7.81 28.284 0l128.662 128.662c12.6 12.599 3.676 34.142-14.142 34.142z\"><\/path><\/svg><\/span>\n\t\t\t\t\t\t\t\t\t\t\t\t\t\t\t\t\t\t\t\t\t\t<\/span>\n\t\t\t\t\t\t\t\t\t\t\t\t\t\t\t\t\t\t<a class=\"elementor-accordion-title\" href=\"\">Catalog<\/a>\n\t\t\t\t\t<\/h6>\n\t\t\t\t\t<div id=\"elementor-tab-content-6661\" class=\"elementor-tab-content elementor-clearfix active-default animation-disable\" data-tab=\"1\" role=\"tabpanel\" aria-labelledby=\"elementor-tab-title-6661\"><p><div class=\"su-table su-table-alternate\"><\/p><table><tbody><tr><td><b>Code<\/b><\/td><td><b>Description<\/b><\/td><\/tr><tr><td>22632010<\/td><td>Dia\u0301fisis femoral \u2265 98-102 mm<\/td><\/tr><tr><td>22632012<\/td><td>Dia\u0301fisis femoral \u2265 103-113 mm<\/td><\/tr><tr><td>22632015<\/td><td>Di\u00e1fisis femoral 148-152 mm<\/td><\/tr><tr><td>22632020<\/td><td>Dia\u0301fisis femoral 198-202 mm<\/td><\/tr><tr><td>22662010<\/td><td>Di\u00e1fisis peron\u00e9 \u2265 98-105 mm<\/td><\/tr><tr><td>22662015<\/td><td>Dia\u0301fisis perone\u0301 148-152 mm<\/td><\/tr><tr><td>22661099<\/td><td>Dia\u0301fisis perone\u0301 medida especial<\/td><\/tr><tr><td>22692010<\/td><td>Di\u00e1fisis humeral \u2265 98-147 mm<\/td><\/tr><tr><td>22692015<\/td><td>Dia\u0301fisis humeral \u2265 148 mm<\/td><\/tr><tr><td>22752010<\/td><td>Di\u00e1fisis radial \u2265 98-147 mm<\/td><\/tr><tr><td>22752015<\/td><td>Dia\u0301fisis radial \u2265 148 mm<\/td><\/tr><tr><td>22782010<\/td><td>Dia\u0301fisis tibial \u2265 98-102 mm<\/td><\/tr><tr><td>22782015<\/td><td>Dia\u0301fisis tibial 148-152 mm<\/td><\/tr><tr><td>22782020<\/td><td>Di\u00e1fisis tibial 198-202 mm<\/td><\/tr><tr><td>22791090<\/td><td>Dia\u0301fisis de c\u00fabito \u2265 88-97 mm<\/td><\/tr><tr><td>22792010<\/td><td>Dia\u0301fisis de c\u00fabito \u2265 98-147 mm<\/td><\/tr><tr><td>22792015<\/td><td>Di\u00e1fisis de c\u00fabito \u2265 147 mm<\/td><\/tr><\/tbody><\/table><p><\/div><\/p><\/div>\n\t\t\t\t<\/div>\n\t\t\t\t\t<\/div>\n\t\t\t\t\t\t<\/div>\n\t\t\t\t<\/div>\n\t\t\t\t\t<\/div>\n\t\t\t\t<\/div>\n\t\t\t\t<\/div>","protected":false},"excerpt":{"rendered":"<p>R.S. 0417C2025 SSA Cat\u00e1logo C\u00f3digo Descripci\u00f3n 22632010 Dia\u0301fisis femoral \u2265 98-102 mm 22632012 Dia\u0301fisis femoral \u2265 103-113 mm 22632015 Di\u00e1fisis femoral 148-152 mm 22632020 Dia\u0301fisis femoral 198-202 mm 22662010 Di\u00e1fisis peron\u00e9 \u2265 98-105 mm 22662015 Dia\u0301fisis perone\u0301 148-152 mm 22661099 Dia\u0301fisis perone\u0301 medida especial 22692010 Di\u00e1fisis humeral \u2265 98-147 mm 22692015 Dia\u0301fisis humeral \u2265 148&hellip;<\/p>","protected":false},"featured_media":57435,"template":"","meta":[],"product_brand":[],"product_cat":[347],"product_tag":[586],"class_list":{"0":"post-57431","1":"product","2":"type-product","3":"status-publish","4":"has-post-thumbnail","6":"product_cat-ortopedia-y-trauma","7":"product_tag-diafisis","9":"first","10":"instock","11":"taxable","12":"shipping-taxable","13":"product-type-simple"},"yoast_head":"<!-- This site is optimized with the Yoast SEO plugin v25.7 - https:\/\/yoast.com\/wordpress\/plugins\/seo\/ -->\n<title>Di\u00e1fisis procesada - Biograft<\/title>\n<meta name=\"robots\" content=\"index, follow, max-snippet:-1, max-image-preview:large, max-video-preview:-1\" \/>\n<link rel=\"canonical\" href=\"https:\/\/biograft.com.mx\/en\/product\/diafisis-procesada\/\" \/>\n<meta property=\"og:locale\" content=\"en_US\" \/>\n<meta property=\"og:type\" content=\"article\" \/>\n<meta property=\"og:title\" content=\"Di\u00e1fisis procesada - Biograft\" \/>\n<meta property=\"og:description\" content=\"R.S. 0417C2025 SSA Cat\u00e1logo C\u00f3digo Descripci\u00f3n 22632010 Dia\u0301fisis femoral \u2265 98-102 mm 22632012 Dia\u0301fisis femoral \u2265 103-113 mm 22632015 Di\u00e1fisis femoral 148-152 mm 22632020 Dia\u0301fisis femoral 198-202 mm 22662010 Di\u00e1fisis peron\u00e9 \u2265 98-105 mm 22662015 Dia\u0301fisis perone\u0301 148-152 mm 22661099 Dia\u0301fisis perone\u0301 medida especial 22692010 Di\u00e1fisis humeral \u2265 98-147 mm 22692015 Dia\u0301fisis humeral \u2265 148&hellip;\" \/>\n<meta property=\"og:url\" content=\"https:\/\/biograft.com.mx\/en\/product\/diafisis-procesada\/\" \/>\n<meta property=\"og:site_name\" content=\"Biograft\" \/>\n<meta property=\"article:publisher\" content=\"https:\/\/www.facebook.com\/biograft.demexico\" \/>\n<meta property=\"article:modified_time\" content=\"2025-04-11T14:50:40+00:00\" \/>\n<meta property=\"og:image\" content=\"https:\/\/biograft.com.mx\/wp-content\/uploads\/2025\/04\/diafisis_04.webp\" \/>\n\t<meta property=\"og:image:width\" content=\"1200\" \/>\n\t<meta property=\"og:image:height\" content=\"1200\" \/>\n\t<meta property=\"og:image:type\" content=\"image\/webp\" \/>\n<meta name=\"twitter:card\" content=\"summary_large_image\" \/>\n<script type=\"application\/ld+json\" class=\"yoast-schema-graph\">{\"@context\":\"https:\/\/schema.org\",\"@graph\":[{\"@type\":\"WebPage\",\"@id\":\"https:\/\/biograft.com.mx\/producto\/diafisis-procesada\/\",\"url\":\"https:\/\/biograft.com.mx\/producto\/diafisis-procesada\/\",\"name\":\"Di\u00e1fisis procesada - Biograft\",\"isPartOf\":{\"@id\":\"https:\/\/biograft.com.mx\/#website\"},\"primaryImageOfPage\":{\"@id\":\"https:\/\/biograft.com.mx\/producto\/diafisis-procesada\/#primaryimage\"},\"image\":{\"@id\":\"https:\/\/biograft.com.mx\/producto\/diafisis-procesada\/#primaryimage\"},\"thumbnailUrl\":\"https:\/\/biograft.com.mx\/wp-content\/uploads\/2025\/04\/diafisis_04.webp\",\"datePublished\":\"2025-04-11T14:30:35+00:00\",\"dateModified\":\"2025-04-11T14:50:40+00:00\",\"breadcrumb\":{\"@id\":\"https:\/\/biograft.com.mx\/producto\/diafisis-procesada\/#breadcrumb\"},\"inLanguage\":\"en-US\",\"potentialAction\":[{\"@type\":\"ReadAction\",\"target\":[\"https:\/\/biograft.com.mx\/producto\/diafisis-procesada\/\"]}]},{\"@type\":\"ImageObject\",\"inLanguage\":\"en-US\",\"@id\":\"https:\/\/biograft.com.mx\/producto\/diafisis-procesada\/#primaryimage\",\"url\":\"https:\/\/biograft.com.mx\/wp-content\/uploads\/2025\/04\/diafisis_04.webp\",\"contentUrl\":\"https:\/\/biograft.com.mx\/wp-content\/uploads\/2025\/04\/diafisis_04.webp\",\"width\":1200,\"height\":1200},{\"@type\":\"BreadcrumbList\",\"@id\":\"https:\/\/biograft.com.mx\/producto\/diafisis-procesada\/#breadcrumb\",\"itemListElement\":[{\"@type\":\"ListItem\",\"position\":1,\"name\":\"Portada\",\"item\":\"https:\/\/biograft.com.mx\/\"},{\"@type\":\"ListItem\",\"position\":2,\"name\":\"Productos\",\"item\":\"https:\/\/biograft.com.mx\/shop\/\"},{\"@type\":\"ListItem\",\"position\":3,\"name\":\"Di\u00e1fisis procesada\"}]},{\"@type\":\"WebSite\",\"@id\":\"https:\/\/biograft.com.mx\/#website\",\"url\":\"https:\/\/biograft.com.mx\/\",\"name\":\"Biograft\",\"description\":\"Empresa l\u00edder en el suministro de Dispositivos M\u00e9dicos Clase III\",\"publisher\":{\"@id\":\"https:\/\/biograft.com.mx\/#organization\"},\"potentialAction\":[{\"@type\":\"SearchAction\",\"target\":{\"@type\":\"EntryPoint\",\"urlTemplate\":\"https:\/\/biograft.com.mx\/?s={search_term_string}\"},\"query-input\":{\"@type\":\"PropertyValueSpecification\",\"valueRequired\":true,\"valueName\":\"search_term_string\"}}],\"inLanguage\":\"en-US\"},{\"@type\":\"Organization\",\"@id\":\"https:\/\/biograft.com.mx\/#organization\",\"name\":\"Biograft de M\u00e9xico\",\"url\":\"https:\/\/biograft.com.mx\/\",\"logo\":{\"@type\":\"ImageObject\",\"inLanguage\":\"en-US\",\"@id\":\"https:\/\/biograft.com.mx\/#\/schema\/logo\/image\/\",\"url\":\"https:\/\/biograft.com.mx\/wp-content\/uploads\/2024\/04\/Logo_Biograft_actual_1000.png\",\"contentUrl\":\"https:\/\/biograft.com.mx\/wp-content\/uploads\/2024\/04\/Logo_Biograft_actual_1000.png\",\"width\":1000,\"height\":230,\"caption\":\"Biograft de M\u00e9xico\"},\"image\":{\"@id\":\"https:\/\/biograft.com.mx\/#\/schema\/logo\/image\/\"},\"sameAs\":[\"https:\/\/www.facebook.com\/biograft.demexico\",\"https:\/\/www.linkedin.com\/company\/biograft\/\"]}]}<\/script>\n<!-- \/ Yoast SEO plugin. -->","yoast_head_json":{"title":"Di\u00e1fisis procesada - Biograft","robots":{"index":"index","follow":"follow","max-snippet":"max-snippet:-1","max-image-preview":"max-image-preview:large","max-video-preview":"max-video-preview:-1"},"canonical":"https:\/\/biograft.com.mx\/en\/product\/diafisis-procesada\/","og_locale":"en_US","og_type":"article","og_title":"Di\u00e1fisis procesada - Biograft","og_description":"R.S. 0417C2025 SSA Cat\u00e1logo C\u00f3digo Descripci\u00f3n 22632010 Dia\u0301fisis femoral \u2265 98-102 mm 22632012 Dia\u0301fisis femoral \u2265 103-113 mm 22632015 Di\u00e1fisis femoral 148-152 mm 22632020 Dia\u0301fisis femoral 198-202 mm 22662010 Di\u00e1fisis peron\u00e9 \u2265 98-105 mm 22662015 Dia\u0301fisis perone\u0301 148-152 mm 22661099 Dia\u0301fisis perone\u0301 medida especial 22692010 Di\u00e1fisis humeral \u2265 98-147 mm 22692015 Dia\u0301fisis humeral \u2265 148&hellip;","og_url":"https:\/\/biograft.com.mx\/en\/product\/diafisis-procesada\/","og_site_name":"Biograft","article_publisher":"https:\/\/www.facebook.com\/biograft.demexico","article_modified_time":"2025-04-11T14:50:40+00:00","og_image":[{"width":1200,"height":1200,"url":"https:\/\/biograft.com.mx\/wp-content\/uploads\/2025\/04\/diafisis_04.webp","type":"image\/webp"}],"twitter_card":"summary_large_image","schema":{"@context":"https:\/\/schema.org","@graph":[{"@type":"WebPage","@id":"https:\/\/biograft.com.mx\/producto\/diafisis-procesada\/","url":"https:\/\/biograft.com.mx\/producto\/diafisis-procesada\/","name":"Di\u00e1fisis procesada - Biograft","isPartOf":{"@id":"https:\/\/biograft.com.mx\/#website"},"primaryImageOfPage":{"@id":"https:\/\/biograft.com.mx\/producto\/diafisis-procesada\/#primaryimage"},"image":{"@id":"https:\/\/biograft.com.mx\/producto\/diafisis-procesada\/#primaryimage"},"thumbnailUrl":"https:\/\/biograft.com.mx\/wp-content\/uploads\/2025\/04\/diafisis_04.webp","datePublished":"2025-04-11T14:30:35+00:00","dateModified":"2025-04-11T14:50:40+00:00","breadcrumb":{"@id":"https:\/\/biograft.com.mx\/producto\/diafisis-procesada\/#breadcrumb"},"inLanguage":"en-US","potentialAction":[{"@type":"ReadAction","target":["https:\/\/biograft.com.mx\/producto\/diafisis-procesada\/"]}]},{"@type":"ImageObject","inLanguage":"en-US","@id":"https:\/\/biograft.com.mx\/producto\/diafisis-procesada\/#primaryimage","url":"https:\/\/biograft.com.mx\/wp-content\/uploads\/2025\/04\/diafisis_04.webp","contentUrl":"https:\/\/biograft.com.mx\/wp-content\/uploads\/2025\/04\/diafisis_04.webp","width":1200,"height":1200},{"@type":"BreadcrumbList","@id":"https:\/\/biograft.com.mx\/producto\/diafisis-procesada\/#breadcrumb","itemListElement":[{"@type":"ListItem","position":1,"name":"Portada","item":"https:\/\/biograft.com.mx\/"},{"@type":"ListItem","position":2,"name":"Productos","item":"https:\/\/biograft.com.mx\/shop\/"},{"@type":"ListItem","position":3,"name":"Di\u00e1fisis procesada"}]},{"@type":"WebSite","@id":"https:\/\/biograft.com.mx\/#website","url":"https:\/\/biograft.com.mx\/","name":"Biograft","description":"Empresa l\u00edder en el suministro de Dispositivos M\u00e9dicos Clase III","publisher":{"@id":"https:\/\/biograft.com.mx\/#organization"},"potentialAction":[{"@type":"SearchAction","target":{"@type":"EntryPoint","urlTemplate":"https:\/\/biograft.com.mx\/?s={search_term_string}"},"query-input":{"@type":"PropertyValueSpecification","valueRequired":true,"valueName":"search_term_string"}}],"inLanguage":"en-US"},{"@type":"Organization","@id":"https:\/\/biograft.com.mx\/#organization","name":"Biograft de M\u00e9xico","url":"https:\/\/biograft.com.mx\/","logo":{"@type":"ImageObject","inLanguage":"en-US","@id":"https:\/\/biograft.com.mx\/#\/schema\/logo\/image\/","url":"https:\/\/biograft.com.mx\/wp-content\/uploads\/2024\/04\/Logo_Biograft_actual_1000.png","contentUrl":"https:\/\/biograft.com.mx\/wp-content\/uploads\/2024\/04\/Logo_Biograft_actual_1000.png","width":1000,"height":230,"caption":"Biograft de M\u00e9xico"},"image":{"@id":"https:\/\/biograft.com.mx\/#\/schema\/logo\/image\/"},"sameAs":["https:\/\/www.facebook.com\/biograft.demexico","https:\/\/www.linkedin.com\/company\/biograft\/"]}]}},"_links":{"self":[{"href":"https:\/\/biograft.com.mx\/en\/wp-json\/wp\/v2\/product\/57431","targetHints":{"allow":["GET"]}}],"collection":[{"href":"https:\/\/biograft.com.mx\/en\/wp-json\/wp\/v2\/product"}],"about":[{"href":"https:\/\/biograft.com.mx\/en\/wp-json\/wp\/v2\/types\/product"}],"version-history":[{"count":0,"href":"https:\/\/biograft.com.mx\/en\/wp-json\/wp\/v2\/product\/57431\/revisions"}],"wp:featuredmedia":[{"embeddable":true,"href":"https:\/\/biograft.com.mx\/en\/wp-json\/wp\/v2\/media\/57435"}],"wp:attachment":[{"href":"https:\/\/biograft.com.mx\/en\/wp-json\/wp\/v2\/media?parent=57431"}],"wp:term":[{"taxonomy":"product_brand","embeddable":true,"href":"https:\/\/biograft.com.mx\/en\/wp-json\/wp\/v2\/product_brand?post=57431"},{"taxonomy":"product_cat","embeddable":true,"href":"https:\/\/biograft.com.mx\/en\/wp-json\/wp\/v2\/product_cat?post=57431"},{"taxonomy":"product_tag","embeddable":true,"href":"https:\/\/biograft.com.mx\/en\/wp-json\/wp\/v2\/product_tag?post=57431"}],"curies":[{"name":"wp","href":"https:\/\/api.w.org\/{rel}","templated":true}]}}